{"id":43978,"date":"2023-07-03T08:25:33","date_gmt":"2023-07-03T12:25:33","guid":{"rendered":"https:\/\/lsa.inc\/gracias-por-comunicarse-con-ventas\/"},"modified":"2025-09-24T18:25:47","modified_gmt":"2025-09-24T22:25:47","slug":"gracias-por-comunicarse-con-ventas","status":"publish","type":"page","link":"https:\/\/lsa.inc\/es\/gracias-por-comunicarse-con-ventas\/","title":{"rendered":"Gracias por comunicarse con Ventas"},"content":{"rendered":"<div class=\"tts_content_wrapper_1\" >\t\t<div data-elementor-type=\"wp-page\" data-elementor-id=\"43978\" class=\"elementor elementor-43978 elementor-25583\" data-elementor-post-type=\"page\">\n\t\t\t\t\t\t<section data-particle_enable=\"false\" data-particle-mobile-disabled=\"false\" data-dce-background-image-url=\"https:\/\/lsa.inc\/wp-content\/uploads\/2023\/05\/Banner-image-on-i-am-new-1.png\" class=\"elementor-section elementor-top-section elementor-element elementor-element-5695cbb elementor-section-height-min-height elementor-section-stretched elementor-section-boxed elementor-section-height-default elementor-section-items-middle\" data-id=\"5695cbb\" data-element_type=\"section\" data-settings=\"{&quot;background_background&quot;:&quot;classic&quot;,&quot;stretch_section&quot;:&quot;section-stretched&quot;}\">\n\t\t\t\t\t\t\t<div class=\"elementor-background-overlay\"><\/div>\n\t\t\t\t\t\t\t<div class=\"elementor-container elementor-column-gap-default\">\n\t\t\t\t\t<div class=\"elementor-column elementor-col-100 elementor-top-column elementor-element elementor-element-104af06\" data-id=\"104af06\" data-element_type=\"column\">\n\t\t\t<div class=\"elementor-widget-wrap elementor-element-populated\">\n\t\t\t\t\t\t<div class=\"elementor-element elementor-element-537d8ef elementor-widget elementor-widget-heading\" data-id=\"537d8ef\" data-element_type=\"widget\" data-widget_type=\"heading.default\">\n\t\t\t\t<div class=\"elementor-widget-container\">\n\t\t\t\t\t<h1 class=\"elementor-heading-title elementor-size-default\">Gracias<span class='dot-style'>.<\/span><\/h1>\t\t\t\t<\/div>\n\t\t\t\t<\/div>\n\t\t\t\t\t<\/div>\n\t\t<\/div>\n\t\t\t\t\t<\/div>\n\t\t<\/section>\n\t\t\t\t<section data-particle_enable=\"false\" data-particle-mobile-disabled=\"false\" class=\"elementor-section elementor-top-section elementor-element elementor-element-b5d2104 elementor-section-stretched elementor-section-boxed elementor-section-height-default elementor-section-height-default\" data-id=\"b5d2104\" data-element_type=\"section\" data-settings=\"{&quot;stretch_section&quot;:&quot;section-stretched&quot;}\">\n\t\t\t\t\t\t<div class=\"elementor-container elementor-column-gap-default\">\n\t\t\t\t\t<div class=\"elementor-column elementor-col-100 elementor-top-column elementor-element elementor-element-9a47022\" data-id=\"9a47022\" data-element_type=\"column\">\n\t\t\t<div class=\"elementor-widget-wrap elementor-element-populated\">\n\t\t\t\t\t\t<section data-particle_enable=\"false\" data-particle-mobile-disabled=\"false\" data-dce-background-color=\"#E6F0F9\" class=\"elementor-section elementor-inner-section elementor-element elementor-element-4939b8c elementor-section-boxed elementor-section-height-default elementor-section-height-default\" data-id=\"4939b8c\" data-element_type=\"section\" data-settings=\"{&quot;background_background&quot;:&quot;classic&quot;}\">\n\t\t\t\t\t\t<div class=\"elementor-container elementor-column-gap-default\">\n\t\t\t\t\t<div class=\"elementor-column elementor-col-100 elementor-inner-column elementor-element elementor-element-e771366\" data-id=\"e771366\" data-element_type=\"column\">\n\t\t\t<div class=\"elementor-widget-wrap elementor-element-populated\">\n\t\t\t\t\t\t<div class=\"elementor-element elementor-element-4c4e8f2 elementor-widget elementor-widget-text-editor\" data-id=\"4c4e8f2\" data-element_type=\"widget\" data-widget_type=\"text-editor.default\">\n\t\t\t\t<div class=\"elementor-widget-container\">\n\t\t\t\t\t\t\t\t\t<p>Gracias por completar nuestro formulario de contacto. Tras revisar la informaci\u00f3n enviada, un representante de LSA se pondr\u00e1 en contacto con usted en breve.<\/p>\n\t\t\t\t\t\t\t\t<\/div>\n\t\t\t\t<\/div>\n\t\t\t\t<div class=\"elementor-element elementor-element-5d6688a btn-yellow elementor-align-center elementor-widget elementor-widget-button\" data-id=\"5d6688a\" data-element_type=\"widget\" data-widget_type=\"button.default\">\n\t\t\t\t<div class=\"elementor-widget-container\">\n\t\t\t\t\t\t\t\t\t<div class=\"elementor-button-wrapper\">\n\t\t\t\t\t<a class=\"elementor-button elementor-button-link elementor-size-sm\" href=\"https:\/\/lsa.inc\/contact-us\/\">\n\t\t\t\t\t\t<span class=\"elementor-button-content-wrapper\">\n\t\t\t\t\t\t\t\t\t<span class=\"elementor-button-text\">Haga clic aqu\u00ed para volver a la p\u00e1gina de Contacto.<\/span>\n\t\t\t\t\t<\/span>\n\t\t\t\t\t<\/a>\n\t\t\t\t<\/div>\n\t\t\t\t\t\t\t\t<\/div>\n\t\t\t\t<\/div>\n\t\t\t\t\t<\/div>\n\t\t<\/div>\n\t\t\t\t\t<\/div>\n\t\t<\/section>\n\t\t\t\t\t<\/div>\n\t\t<\/div>\n\t\t\t\t\t<\/div>\n\t\t<\/section>\n\t\t\t\t<\/div>\n\t\t<\/div>","protected":false},"excerpt":{"rendered":"<p>Gracias. Gracias por completar nuestro formulario de contacto. Tras revisar la informaci\u00f3n enviada, un representante de LSA se pondr\u00e1 en contacto con usted en breve. Haga clic aqu\u00ed para volver a la p\u00e1gina de Contacto.<\/p>\n","protected":false},"author":26,"featured_media":0,"parent":0,"menu_order":0,"comment_status":"closed","ping_status":"closed","template":"elementor_header_footer","meta":{"_acf_changed":false,"footnotes":""},"class_list":["post-43978","page","type-page","status-publish","hentry"],"acf":[],"yoast_head":"<!-- This site is optimized with the Yoast SEO Premium plugin v24.9 (Yoast SEO v24.9) - https:\/\/yoast.com\/wordpress\/plugins\/seo\/ -->\n<title>Gracias por comunicarse con Ventas | Language Services Associates<\/title>\n<meta name=\"robots\" content=\"index, follow, max-snippet:-1, max-image-preview:large, max-video-preview:-1\" \/>\n<link rel=\"canonical\" href=\"https:\/\/lsa.inc\/es\/gracias-por-comunicarse-con-ventas\/\" \/>\n<meta property=\"og:locale\" content=\"es_ES\" \/>\n<meta property=\"og:type\" content=\"article\" \/>\n<meta property=\"og:title\" content=\"Gracias por comunicarse con Ventas\" \/>\n<meta property=\"og:description\" content=\"Gracias. Gracias por completar nuestro formulario de contacto. Tras revisar la informaci\u00f3n enviada, un representante de LSA se pondr\u00e1 en contacto con usted en breve. Haga clic aqu\u00ed para volver a la p\u00e1gina de Contacto.\" \/>\n<meta property=\"og:url\" content=\"https:\/\/lsa.inc\/es\/gracias-por-comunicarse-con-ventas\/\" \/>\n<meta property=\"og:site_name\" content=\"Language Services Associates\" \/>\n<meta property=\"article:publisher\" content=\"https:\/\/www.facebook.com\/LanguageServicesAssociates\" \/>\n<meta property=\"article:modified_time\" content=\"2025-09-24T22:25:47+00:00\" \/>\n<meta property=\"og:image\" content=\"https:\/\/lsa.inc\/wp-content\/uploads\/2024\/04\/Homepage-image-for-SEO-1024x626.png\" \/>\n\t<meta property=\"og:image:width\" content=\"1024\" \/>\n\t<meta property=\"og:image:height\" content=\"626\" \/>\n\t<meta property=\"og:image:type\" content=\"image\/png\" \/>\n<meta name=\"twitter:card\" content=\"summary_large_image\" \/>\n<meta name=\"twitter:site\" content=\"@LSAweb\" \/>\n<script type=\"application\/ld+json\" class=\"yoast-schema-graph\">{\"@context\":\"https:\/\/schema.org\",\"@graph\":[{\"@type\":\"WebPage\",\"@id\":\"https:\/\/lsa.inc\/es\/gracias-por-comunicarse-con-ventas\/\",\"url\":\"https:\/\/lsa.inc\/es\/gracias-por-comunicarse-con-ventas\/\",\"name\":\"Gracias por comunicarse con Ventas | Language Services Associates\",\"isPartOf\":{\"@id\":\"https:\/\/lsa.inc\/es\/#website\"},\"datePublished\":\"2023-07-03T12:25:33+00:00\",\"dateModified\":\"2025-09-24T22:25:47+00:00\",\"inLanguage\":\"es\",\"potentialAction\":[{\"@type\":\"ReadAction\",\"target\":[\"https:\/\/lsa.inc\/es\/gracias-por-comunicarse-con-ventas\/\"]}]},{\"@type\":\"WebSite\",\"@id\":\"https:\/\/lsa.inc\/es\/#website\",\"url\":\"https:\/\/lsa.inc\/es\/\",\"name\":\"https:\/\/lsa.inc\",\"description\":\"Interpretation and Translation Services\",\"publisher\":{\"@id\":\"https:\/\/lsa.inc\/es\/#organization\"},\"potentialAction\":[{\"@type\":\"SearchAction\",\"target\":{\"@type\":\"EntryPoint\",\"urlTemplate\":\"https:\/\/lsa.inc\/es\/?s={search_term_string}\"},\"query-input\":{\"@type\":\"PropertyValueSpecification\",\"valueRequired\":true,\"valueName\":\"search_term_string\"}}],\"inLanguage\":\"es\"},{\"@type\":\"Organization\",\"@id\":\"https:\/\/lsa.inc\/es\/#organization\",\"name\":\"Language Services Associates (LSA)\",\"url\":\"https:\/\/lsa.inc\/es\/\",\"logo\":{\"@type\":\"ImageObject\",\"inLanguage\":\"es\",\"@id\":\"https:\/\/lsa.inc\/es\/#\/schema\/logo\/image\/\",\"url\":\"\/wp-content\/uploads\/2024\/04\/LSA_logo.png\",\"contentUrl\":\"\/wp-content\/uploads\/2024\/04\/LSA_logo.png\",\"width\":1376,\"height\":278,\"caption\":\"Language Services Associates (LSA)\"},\"image\":{\"@id\":\"https:\/\/lsa.inc\/es\/#\/schema\/logo\/image\/\"},\"sameAs\":[\"https:\/\/www.facebook.com\/LanguageServicesAssociates\",\"https:\/\/x.com\/LSAweb\",\"https:\/\/www.linkedin.com\/language-services-associates\"]}]}<\/script>\n<!-- \/ Yoast SEO Premium plugin. -->","yoast_head_json":{"title":"Gracias por comunicarse con Ventas | Language Services Associates","robots":{"index":"index","follow":"follow","max-snippet":"max-snippet:-1","max-image-preview":"max-image-preview:large","max-video-preview":"max-video-preview:-1"},"canonical":"https:\/\/lsa.inc\/es\/gracias-por-comunicarse-con-ventas\/","og_locale":"es_ES","og_type":"article","og_title":"Gracias por comunicarse con Ventas","og_description":"Gracias. Gracias por completar nuestro formulario de contacto. Tras revisar la informaci\u00f3n enviada, un representante de LSA se pondr\u00e1 en contacto con usted en breve. Haga clic aqu\u00ed para volver a la p\u00e1gina de Contacto.","og_url":"https:\/\/lsa.inc\/es\/gracias-por-comunicarse-con-ventas\/","og_site_name":"Language Services Associates","article_publisher":"https:\/\/www.facebook.com\/LanguageServicesAssociates","article_modified_time":"2025-09-24T22:25:47+00:00","og_image":[{"width":1024,"height":626,"url":"https:\/\/lsa.inc\/wp-content\/uploads\/2024\/04\/Homepage-image-for-SEO-1024x626.png","type":"image\/png"}],"twitter_card":"summary_large_image","twitter_site":"@LSAweb","schema":{"@context":"https:\/\/schema.org","@graph":[{"@type":"WebPage","@id":"https:\/\/lsa.inc\/es\/gracias-por-comunicarse-con-ventas\/","url":"https:\/\/lsa.inc\/es\/gracias-por-comunicarse-con-ventas\/","name":"Gracias por comunicarse con Ventas | Language Services Associates","isPartOf":{"@id":"https:\/\/lsa.inc\/es\/#website"},"datePublished":"2023-07-03T12:25:33+00:00","dateModified":"2025-09-24T22:25:47+00:00","inLanguage":"es","potentialAction":[{"@type":"ReadAction","target":["https:\/\/lsa.inc\/es\/gracias-por-comunicarse-con-ventas\/"]}]},{"@type":"WebSite","@id":"https:\/\/lsa.inc\/es\/#website","url":"https:\/\/lsa.inc\/es\/","name":"https:\/\/lsa.inc","description":"Interpretation and Translation Services","publisher":{"@id":"https:\/\/lsa.inc\/es\/#organization"},"potentialAction":[{"@type":"SearchAction","target":{"@type":"EntryPoint","urlTemplate":"https:\/\/lsa.inc\/es\/?s={search_term_string}"},"query-input":{"@type":"PropertyValueSpecification","valueRequired":true,"valueName":"search_term_string"}}],"inLanguage":"es"},{"@type":"Organization","@id":"https:\/\/lsa.inc\/es\/#organization","name":"Language Services Associates (LSA)","url":"https:\/\/lsa.inc\/es\/","logo":{"@type":"ImageObject","inLanguage":"es","@id":"https:\/\/lsa.inc\/es\/#\/schema\/logo\/image\/","url":"\/wp-content\/uploads\/2024\/04\/LSA_logo.png","contentUrl":"\/wp-content\/uploads\/2024\/04\/LSA_logo.png","width":1376,"height":278,"caption":"Language Services Associates (LSA)"},"image":{"@id":"https:\/\/lsa.inc\/es\/#\/schema\/logo\/image\/"},"sameAs":["https:\/\/www.facebook.com\/LanguageServicesAssociates","https:\/\/x.com\/LSAweb","https:\/\/www.linkedin.com\/language-services-associates"]}]}},"_links":{"self":[{"href":"https:\/\/lsa.inc\/es\/wp-json\/wp\/v2\/pages\/43978","targetHints":{"allow":["GET"]}}],"collection":[{"href":"https:\/\/lsa.inc\/es\/wp-json\/wp\/v2\/pages"}],"about":[{"href":"https:\/\/lsa.inc\/es\/wp-json\/wp\/v2\/types\/page"}],"author":[{"embeddable":true,"href":"https:\/\/lsa.inc\/es\/wp-json\/wp\/v2\/users\/26"}],"replies":[{"embeddable":true,"href":"https:\/\/lsa.inc\/es\/wp-json\/wp\/v2\/comments?post=43978"}],"version-history":[{"count":0,"href":"https:\/\/lsa.inc\/es\/wp-json\/wp\/v2\/pages\/43978\/revisions"}],"wp:attachment":[{"href":"https:\/\/lsa.inc\/es\/wp-json\/wp\/v2\/media?parent=43978"}],"curies":[{"name":"wp","href":"https:\/\/api.w.org\/{rel}","templated":true}]}}