{"id":43831,"date":"2023-07-03T08:25:33","date_gmt":"2023-07-03T12:25:33","guid":{"rendered":"https:\/\/lsa.inc\/merci-davoir-contacte-le-service-commercial\/"},"modified":"2025-09-18T12:06:40","modified_gmt":"2025-09-18T16:06:40","slug":"merci-davoir-contacte-le-service-commercial","status":"publish","type":"page","link":"https:\/\/lsa.inc\/fr\/merci-davoir-contacte-le-service-commercial\/","title":{"rendered":"Merci d&#8217;avoir contact\u00e9 le service commercial"},"content":{"rendered":"<div class=\"tts_content_wrapper_1\" >\t\t<div data-elementor-type=\"wp-page\" data-elementor-id=\"43831\" class=\"elementor elementor-43831 elementor-25583\" data-elementor-post-type=\"page\">\n\t\t\t\t\t\t<section data-particle_enable=\"false\" data-particle-mobile-disabled=\"false\" data-dce-background-image-url=\"https:\/\/lsa.inc\/wp-content\/uploads\/2023\/05\/Banner-image-on-i-am-new-1.png\" class=\"elementor-section elementor-top-section elementor-element elementor-element-5695cbb elementor-section-height-min-height elementor-section-stretched elementor-section-boxed elementor-section-height-default elementor-section-items-middle\" data-id=\"5695cbb\" data-element_type=\"section\" data-settings=\"{&quot;background_background&quot;:&quot;classic&quot;,&quot;stretch_section&quot;:&quot;section-stretched&quot;}\">\n\t\t\t\t\t\t\t<div class=\"elementor-background-overlay\"><\/div>\n\t\t\t\t\t\t\t<div class=\"elementor-container elementor-column-gap-default\">\n\t\t\t\t\t<div class=\"elementor-column elementor-col-100 elementor-top-column elementor-element elementor-element-104af06\" data-id=\"104af06\" data-element_type=\"column\">\n\t\t\t<div class=\"elementor-widget-wrap elementor-element-populated\">\n\t\t\t\t\t\t<div class=\"elementor-element elementor-element-537d8ef elementor-widget elementor-widget-heading\" data-id=\"537d8ef\" data-element_type=\"widget\" data-widget_type=\"heading.default\">\n\t\t\t\t<div class=\"elementor-widget-container\">\n\t\t\t\t\t<h1 class=\"elementor-heading-title elementor-size-default\">Merci <span class='dot-style'>.<\/span><\/h1>\t\t\t\t<\/div>\n\t\t\t\t<\/div>\n\t\t\t\t\t<\/div>\n\t\t<\/div>\n\t\t\t\t\t<\/div>\n\t\t<\/section>\n\t\t\t\t<section data-particle_enable=\"false\" data-particle-mobile-disabled=\"false\" class=\"elementor-section elementor-top-section elementor-element elementor-element-b5d2104 elementor-section-stretched elementor-section-boxed elementor-section-height-default elementor-section-height-default\" data-id=\"b5d2104\" data-element_type=\"section\" data-settings=\"{&quot;stretch_section&quot;:&quot;section-stretched&quot;}\">\n\t\t\t\t\t\t<div class=\"elementor-container elementor-column-gap-default\">\n\t\t\t\t\t<div class=\"elementor-column elementor-col-100 elementor-top-column elementor-element elementor-element-9a47022\" data-id=\"9a47022\" data-element_type=\"column\">\n\t\t\t<div class=\"elementor-widget-wrap elementor-element-populated\">\n\t\t\t\t\t\t<section data-particle_enable=\"false\" data-particle-mobile-disabled=\"false\" data-dce-background-color=\"#E6F0F9\" class=\"elementor-section elementor-inner-section elementor-element elementor-element-4939b8c elementor-section-boxed elementor-section-height-default elementor-section-height-default\" data-id=\"4939b8c\" data-element_type=\"section\" data-settings=\"{&quot;background_background&quot;:&quot;classic&quot;}\">\n\t\t\t\t\t\t<div class=\"elementor-container elementor-column-gap-default\">\n\t\t\t\t\t<div class=\"elementor-column elementor-col-100 elementor-inner-column elementor-element elementor-element-e771366\" data-id=\"e771366\" data-element_type=\"column\">\n\t\t\t<div class=\"elementor-widget-wrap elementor-element-populated\">\n\t\t\t\t\t\t<div class=\"elementor-element elementor-element-4c4e8f2 elementor-widget elementor-widget-text-editor\" data-id=\"4c4e8f2\" data-element_type=\"widget\" data-widget_type=\"text-editor.default\">\n\t\t\t\t<div class=\"elementor-widget-container\">\n\t\t\t\t\t\t\t\t\t<p>Merci d&#8217;avoir rempli notre formulaire de contact. Apr\u00e8s avoir examin\u00e9 vos informations, un repr\u00e9sentant de LSA vous contactera prochainement.<\/p>\n\t\t\t\t\t\t\t\t<\/div>\n\t\t\t\t<\/div>\n\t\t\t\t<div class=\"elementor-element elementor-element-5d6688a btn-yellow elementor-align-center elementor-widget elementor-widget-button\" data-id=\"5d6688a\" data-element_type=\"widget\" data-widget_type=\"button.default\">\n\t\t\t\t<div class=\"elementor-widget-container\">\n\t\t\t\t\t\t\t\t\t<div class=\"elementor-button-wrapper\">\n\t\t\t\t\t<a class=\"elementor-button elementor-button-link elementor-size-sm\" href=\"https:\/\/lsa.inc\/fr\/contactez-nous\/\">\n\t\t\t\t\t\t<span class=\"elementor-button-content-wrapper\">\n\t\t\t\t\t\t\t\t\t<span class=\"elementor-button-text\">Cliquez ici pour revenir \u00e0 la page Contact<\/span>\n\t\t\t\t\t<\/span>\n\t\t\t\t\t<\/a>\n\t\t\t\t<\/div>\n\t\t\t\t\t\t\t\t<\/div>\n\t\t\t\t<\/div>\n\t\t\t\t\t<\/div>\n\t\t<\/div>\n\t\t\t\t\t<\/div>\n\t\t<\/section>\n\t\t\t\t\t<\/div>\n\t\t<\/div>\n\t\t\t\t\t<\/div>\n\t\t<\/section>\n\t\t\t\t<\/div>\n\t\t<\/div>","protected":false},"excerpt":{"rendered":"<p>Merci . Merci d&#8217;avoir rempli notre formulaire de contact. Apr\u00e8s avoir examin\u00e9 vos informations, un repr\u00e9sentant de LSA vous contactera prochainement. Cliquez ici pour revenir \u00e0 la page Contact<\/p>\n","protected":false},"author":26,"featured_media":0,"parent":0,"menu_order":0,"comment_status":"closed","ping_status":"closed","template":"elementor_header_footer","meta":{"_acf_changed":false,"footnotes":""},"class_list":["post-43831","page","type-page","status-publish","hentry"],"acf":[],"yoast_head":"<!-- This site is optimized with the Yoast SEO Premium plugin v24.9 (Yoast SEO v24.9) - https:\/\/yoast.com\/wordpress\/plugins\/seo\/ -->\n<title>Merci d&#039;avoir contact\u00e9 le service commercial | Language Services Associates<\/title>\n<meta name=\"robots\" content=\"index, follow, max-snippet:-1, max-image-preview:large, max-video-preview:-1\" \/>\n<link rel=\"canonical\" href=\"https:\/\/lsa.inc\/fr\/merci-davoir-contacte-le-service-commercial\/\" \/>\n<meta property=\"og:locale\" content=\"fr_FR\" \/>\n<meta property=\"og:type\" content=\"article\" \/>\n<meta property=\"og:title\" content=\"Merci d&#039;avoir contact\u00e9 le service commercial\" \/>\n<meta property=\"og:description\" content=\"Merci . Merci d&#8217;avoir rempli notre formulaire de contact. Apr\u00e8s avoir examin\u00e9 vos informations, un repr\u00e9sentant de LSA vous contactera prochainement. Cliquez ici pour revenir \u00e0 la page Contact\" \/>\n<meta property=\"og:url\" content=\"https:\/\/lsa.inc\/fr\/merci-davoir-contacte-le-service-commercial\/\" \/>\n<meta property=\"og:site_name\" content=\"Language Services Associates\" \/>\n<meta property=\"article:publisher\" content=\"https:\/\/www.facebook.com\/LanguageServicesAssociates\" \/>\n<meta property=\"article:modified_time\" content=\"2025-09-18T16:06:40+00:00\" \/>\n<meta property=\"og:image\" content=\"https:\/\/lsa.inc\/wp-content\/uploads\/2024\/04\/Homepage-image-for-SEO-1024x626.png\" \/>\n\t<meta property=\"og:image:width\" content=\"1024\" \/>\n\t<meta property=\"og:image:height\" content=\"626\" \/>\n\t<meta property=\"og:image:type\" content=\"image\/png\" \/>\n<meta name=\"twitter:card\" content=\"summary_large_image\" \/>\n<meta name=\"twitter:site\" content=\"@LSAweb\" \/>\n<script type=\"application\/ld+json\" class=\"yoast-schema-graph\">{\"@context\":\"https:\/\/schema.org\",\"@graph\":[{\"@type\":\"WebPage\",\"@id\":\"https:\/\/lsa.inc\/fr\/merci-davoir-contacte-le-service-commercial\/\",\"url\":\"https:\/\/lsa.inc\/fr\/merci-davoir-contacte-le-service-commercial\/\",\"name\":\"Merci d'avoir contact\u00e9 le service commercial | Language Services Associates\",\"isPartOf\":{\"@id\":\"https:\/\/lsa.inc\/fr\/#website\"},\"datePublished\":\"2023-07-03T12:25:33+00:00\",\"dateModified\":\"2025-09-18T16:06:40+00:00\",\"inLanguage\":\"fr-FR\",\"potentialAction\":[{\"@type\":\"ReadAction\",\"target\":[\"https:\/\/lsa.inc\/fr\/merci-davoir-contacte-le-service-commercial\/\"]}]},{\"@type\":\"WebSite\",\"@id\":\"https:\/\/lsa.inc\/fr\/#website\",\"url\":\"https:\/\/lsa.inc\/fr\/\",\"name\":\"https:\/\/lsa.inc\",\"description\":\"Interpretation and Translation Services\",\"publisher\":{\"@id\":\"https:\/\/lsa.inc\/fr\/#organization\"},\"potentialAction\":[{\"@type\":\"SearchAction\",\"target\":{\"@type\":\"EntryPoint\",\"urlTemplate\":\"https:\/\/lsa.inc\/fr\/?s={search_term_string}\"},\"query-input\":{\"@type\":\"PropertyValueSpecification\",\"valueRequired\":true,\"valueName\":\"search_term_string\"}}],\"inLanguage\":\"fr-FR\"},{\"@type\":\"Organization\",\"@id\":\"https:\/\/lsa.inc\/fr\/#organization\",\"name\":\"Language Services Associates (LSA)\",\"url\":\"https:\/\/lsa.inc\/fr\/\",\"logo\":{\"@type\":\"ImageObject\",\"inLanguage\":\"fr-FR\",\"@id\":\"https:\/\/lsa.inc\/fr\/#\/schema\/logo\/image\/\",\"url\":\"\/wp-content\/uploads\/2024\/04\/LSA_logo.png\",\"contentUrl\":\"\/wp-content\/uploads\/2024\/04\/LSA_logo.png\",\"width\":1376,\"height\":278,\"caption\":\"Language Services Associates (LSA)\"},\"image\":{\"@id\":\"https:\/\/lsa.inc\/fr\/#\/schema\/logo\/image\/\"},\"sameAs\":[\"https:\/\/www.facebook.com\/LanguageServicesAssociates\",\"https:\/\/x.com\/LSAweb\",\"https:\/\/www.linkedin.com\/language-services-associates\"]}]}<\/script>\n<!-- \/ Yoast SEO Premium plugin. -->","yoast_head_json":{"title":"Merci d'avoir contact\u00e9 le service commercial | Language Services Associates","robots":{"index":"index","follow":"follow","max-snippet":"max-snippet:-1","max-image-preview":"max-image-preview:large","max-video-preview":"max-video-preview:-1"},"canonical":"https:\/\/lsa.inc\/fr\/merci-davoir-contacte-le-service-commercial\/","og_locale":"fr_FR","og_type":"article","og_title":"Merci d'avoir contact\u00e9 le service commercial","og_description":"Merci . Merci d&#8217;avoir rempli notre formulaire de contact. Apr\u00e8s avoir examin\u00e9 vos informations, un repr\u00e9sentant de LSA vous contactera prochainement. Cliquez ici pour revenir \u00e0 la page Contact","og_url":"https:\/\/lsa.inc\/fr\/merci-davoir-contacte-le-service-commercial\/","og_site_name":"Language Services Associates","article_publisher":"https:\/\/www.facebook.com\/LanguageServicesAssociates","article_modified_time":"2025-09-18T16:06:40+00:00","og_image":[{"width":1024,"height":626,"url":"https:\/\/lsa.inc\/wp-content\/uploads\/2024\/04\/Homepage-image-for-SEO-1024x626.png","type":"image\/png"}],"twitter_card":"summary_large_image","twitter_site":"@LSAweb","schema":{"@context":"https:\/\/schema.org","@graph":[{"@type":"WebPage","@id":"https:\/\/lsa.inc\/fr\/merci-davoir-contacte-le-service-commercial\/","url":"https:\/\/lsa.inc\/fr\/merci-davoir-contacte-le-service-commercial\/","name":"Merci d'avoir contact\u00e9 le service commercial | Language Services Associates","isPartOf":{"@id":"https:\/\/lsa.inc\/fr\/#website"},"datePublished":"2023-07-03T12:25:33+00:00","dateModified":"2025-09-18T16:06:40+00:00","inLanguage":"fr-FR","potentialAction":[{"@type":"ReadAction","target":["https:\/\/lsa.inc\/fr\/merci-davoir-contacte-le-service-commercial\/"]}]},{"@type":"WebSite","@id":"https:\/\/lsa.inc\/fr\/#website","url":"https:\/\/lsa.inc\/fr\/","name":"https:\/\/lsa.inc","description":"Interpretation and Translation Services","publisher":{"@id":"https:\/\/lsa.inc\/fr\/#organization"},"potentialAction":[{"@type":"SearchAction","target":{"@type":"EntryPoint","urlTemplate":"https:\/\/lsa.inc\/fr\/?s={search_term_string}"},"query-input":{"@type":"PropertyValueSpecification","valueRequired":true,"valueName":"search_term_string"}}],"inLanguage":"fr-FR"},{"@type":"Organization","@id":"https:\/\/lsa.inc\/fr\/#organization","name":"Language Services Associates (LSA)","url":"https:\/\/lsa.inc\/fr\/","logo":{"@type":"ImageObject","inLanguage":"fr-FR","@id":"https:\/\/lsa.inc\/fr\/#\/schema\/logo\/image\/","url":"\/wp-content\/uploads\/2024\/04\/LSA_logo.png","contentUrl":"\/wp-content\/uploads\/2024\/04\/LSA_logo.png","width":1376,"height":278,"caption":"Language Services Associates (LSA)"},"image":{"@id":"https:\/\/lsa.inc\/fr\/#\/schema\/logo\/image\/"},"sameAs":["https:\/\/www.facebook.com\/LanguageServicesAssociates","https:\/\/x.com\/LSAweb","https:\/\/www.linkedin.com\/language-services-associates"]}]}},"_links":{"self":[{"href":"https:\/\/lsa.inc\/fr\/wp-json\/wp\/v2\/pages\/43831","targetHints":{"allow":["GET"]}}],"collection":[{"href":"https:\/\/lsa.inc\/fr\/wp-json\/wp\/v2\/pages"}],"about":[{"href":"https:\/\/lsa.inc\/fr\/wp-json\/wp\/v2\/types\/page"}],"author":[{"embeddable":true,"href":"https:\/\/lsa.inc\/fr\/wp-json\/wp\/v2\/users\/26"}],"replies":[{"embeddable":true,"href":"https:\/\/lsa.inc\/fr\/wp-json\/wp\/v2\/comments?post=43831"}],"version-history":[{"count":0,"href":"https:\/\/lsa.inc\/fr\/wp-json\/wp\/v2\/pages\/43831\/revisions"}],"wp:attachment":[{"href":"https:\/\/lsa.inc\/fr\/wp-json\/wp\/v2\/media?parent=43831"}],"curies":[{"name":"wp","href":"https:\/\/api.w.org\/{rel}","templated":true}]}}